{"id":5172,"date":"2020-11-28T11:35:02","date_gmt":"2020-11-28T10:35:02","guid":{"rendered":"https:\/\/basquehomes.com\/about-us\/"},"modified":"2025-07-29T09:13:52","modified_gmt":"2025-07-29T07:13:52","slug":"quienes-somos","status":"publish","type":"page","link":"https:\/\/basquehomes.com\/es\/quienes-somos\/","title":{"rendered":"Qui\u00e9nes somos"},"content":{"rendered":"\n<h2 class=\"wp-block-heading\">Basque Homes es una empresa de alquiler de viviendas vacacionales y experiencias exclusivas donde lo m\u00e1s importante para nosotros es que t\u00fa disfrutes.<\/h2>\n\n\n\n<div style=\"height:20px\" aria-hidden=\"true\" class=\"wp-block-spacer\"><\/div>\n\n\n\n<div class=\"wp-block-columns has-2-columns is-layout-flex wp-container-core-columns-is-layout-9d6595d7 wp-block-columns-is-layout-flex\">\n<div class=\"wp-block-column is-layout-flow wp-block-column-is-layout-flow\">\n<p>Somos especialistas en encontrar el espacio que mejor se adapte a tus necesidades. Tenemos la vivienda perfecta tanto si viajas en pareja, familia o con amigos.<\/p>\n\n\n\n<p>Nos gusta conocer a nuestros clientes y mostrarles los rincones m\u00e1s especiales y las experiencias m\u00e1s aut\u00e9nticas que ofrece la ciudad y sus alrededores.<\/p>\n\n\n\n<p>Somos Vascos y amamos nuestra tierra. Nos gusta comer, beber, re\u00edr, compartir&#8230; Por eso somos especialistas en crear momentos inolvidables durante tu estancia en San Sebastian.<\/p>\n\n\n\n<p>\u00a1Bienvenido a Basque Homes Rentals &amp; Experiences!<\/p>\n<\/div>\n<\/div>\n\n\n\n<p><strong>Mich\u00e8le and Jokin<\/strong><\/p>\n","protected":false},"excerpt":{"rendered":"<p>Basque Homes es una empresa de alquiler de viviendas vacacionales y experiencias exclusivas donde lo m\u00e1s importante para nosotros es que t\u00fa disfrutes. Somos especialistas en encontrar el espacio que mejor se adapte a tus necesidades. Tenemos la vivienda perfecta tanto si viajas en pareja, familia o con amigos. Nos gusta conocer a nuestros clientes&#8230; <a class=\"moretag\" href=\"https:\/\/basquehomes.com\/es\/quienes-somos\/\">Read more &raquo;<\/a><\/p>\n","protected":false},"author":1,"featured_media":0,"parent":0,"menu_order":0,"comment_status":"closed","ping_status":"closed","template":"page-default-triple.php","meta":{"_acf_changed":false,"footnotes":""},"class_list":["post-5172","page","type-page","status-publish","hentry"],"acf":[],"yoast_head":"<!-- This site is optimized with the Yoast SEO plugin v26.7 - https:\/\/yoast.com\/wordpress\/plugins\/seo\/ -->\n<title>Qui\u00e9nes somos - Basque Homes<\/title>\n<meta name=\"robots\" content=\"index, follow, max-snippet:-1, max-image-preview:large, max-video-preview:-1\" \/>\n<link rel=\"canonical\" href=\"https:\/\/basquehomes.com\/es\/quienes-somos\/\" \/>\n<meta property=\"og:locale\" content=\"es_ES\" \/>\n<meta property=\"og:type\" content=\"article\" \/>\n<meta property=\"og:title\" content=\"Qui\u00e9nes somos - Basque Homes\" \/>\n<meta property=\"og:description\" content=\"Basque Homes es una empresa de alquiler de viviendas vacacionales y experiencias exclusivas donde lo m\u00e1s importante para nosotros es que t\u00fa disfrutes. Somos especialistas en encontrar el espacio que mejor se adapte a tus necesidades. Tenemos la vivienda perfecta tanto si viajas en pareja, familia o con amigos. Nos gusta conocer a nuestros clientes... Read more &raquo;\" \/>\n<meta property=\"og:url\" content=\"https:\/\/basquehomes.com\/es\/quienes-somos\/\" \/>\n<meta property=\"og:site_name\" content=\"Basque Homes\" \/>\n<meta property=\"article:modified_time\" content=\"2025-07-29T07:13:52+00:00\" \/>\n<meta property=\"og:image\" content=\"https:\/\/basquehomes.com\/wp-content\/uploads\/2019\/05\/Basque-Homes-OG.jpg\" \/>\n\t<meta property=\"og:image:width\" content=\"1200\" \/>\n\t<meta property=\"og:image:height\" content=\"630\" \/>\n\t<meta property=\"og:image:type\" content=\"image\/jpeg\" \/>\n<meta name=\"twitter:card\" content=\"summary_large_image\" \/>\n<meta name=\"twitter:label1\" content=\"Tiempo de lectura\" \/>\n\t<meta name=\"twitter:data1\" content=\"1 minuto\" \/>\n<script type=\"application\/ld+json\" class=\"yoast-schema-graph\">{\"@context\":\"https:\/\/schema.org\",\"@graph\":[{\"@type\":\"WebPage\",\"@id\":\"https:\/\/basquehomes.com\/es\/quienes-somos\/\",\"url\":\"https:\/\/basquehomes.com\/es\/quienes-somos\/\",\"name\":\"Qui\u00e9nes somos - Basque Homes\",\"isPartOf\":{\"@id\":\"https:\/\/basquehomes.com\/#website\"},\"datePublished\":\"2020-11-28T10:35:02+00:00\",\"dateModified\":\"2025-07-29T07:13:52+00:00\",\"breadcrumb\":{\"@id\":\"https:\/\/basquehomes.com\/es\/quienes-somos\/#breadcrumb\"},\"inLanguage\":\"es\",\"potentialAction\":[{\"@type\":\"ReadAction\",\"target\":[\"https:\/\/basquehomes.com\/es\/quienes-somos\/\"]}]},{\"@type\":\"BreadcrumbList\",\"@id\":\"https:\/\/basquehomes.com\/es\/quienes-somos\/#breadcrumb\",\"itemListElement\":[{\"@type\":\"ListItem\",\"position\":1,\"name\":\"Portada\",\"item\":\"https:\/\/basquehomes.com\/es\/\"},{\"@type\":\"ListItem\",\"position\":2,\"name\":\"Qui\u00e9nes somos\"}]},{\"@type\":\"WebSite\",\"@id\":\"https:\/\/basquehomes.com\/#website\",\"url\":\"https:\/\/basquehomes.com\/\",\"name\":\"Basque Homes\",\"description\":\"Wonderful host, wonderful experience\",\"publisher\":{\"@id\":\"https:\/\/basquehomes.com\/#organization\"},\"potentialAction\":[{\"@type\":\"SearchAction\",\"target\":{\"@type\":\"EntryPoint\",\"urlTemplate\":\"https:\/\/basquehomes.com\/?s={search_term_string}\"},\"query-input\":{\"@type\":\"PropertyValueSpecification\",\"valueRequired\":true,\"valueName\":\"search_term_string\"}}],\"inLanguage\":\"es\"},{\"@type\":\"Organization\",\"@id\":\"https:\/\/basquehomes.com\/#organization\",\"name\":\"Basque Homes\",\"url\":\"https:\/\/basquehomes.com\/\",\"logo\":{\"@type\":\"ImageObject\",\"inLanguage\":\"es\",\"@id\":\"https:\/\/basquehomes.com\/#\/schema\/logo\/image\/\",\"url\":\"https:\/\/basquehomes.com\/wp-content\/uploads\/2019\/05\/Basque-Homes-Logo.png\",\"contentUrl\":\"https:\/\/basquehomes.com\/wp-content\/uploads\/2019\/05\/Basque-Homes-Logo.png\",\"width\":625,\"height\":116,\"caption\":\"Basque Homes\"},\"image\":{\"@id\":\"https:\/\/basquehomes.com\/#\/schema\/logo\/image\/\"}}]}<\/script>\n<!-- \/ Yoast SEO plugin. -->","yoast_head_json":{"title":"Qui\u00e9nes somos - Basque Homes","robots":{"index":"index","follow":"follow","max-snippet":"max-snippet:-1","max-image-preview":"max-image-preview:large","max-video-preview":"max-video-preview:-1"},"canonical":"https:\/\/basquehomes.com\/es\/quienes-somos\/","og_locale":"es_ES","og_type":"article","og_title":"Qui\u00e9nes somos - Basque Homes","og_description":"Basque Homes es una empresa de alquiler de viviendas vacacionales y experiencias exclusivas donde lo m\u00e1s importante para nosotros es que t\u00fa disfrutes. Somos especialistas en encontrar el espacio que mejor se adapte a tus necesidades. Tenemos la vivienda perfecta tanto si viajas en pareja, familia o con amigos. Nos gusta conocer a nuestros clientes... Read more &raquo;","og_url":"https:\/\/basquehomes.com\/es\/quienes-somos\/","og_site_name":"Basque Homes","article_modified_time":"2025-07-29T07:13:52+00:00","og_image":[{"width":1200,"height":630,"url":"https:\/\/basquehomes.com\/wp-content\/uploads\/2019\/05\/Basque-Homes-OG.jpg","type":"image\/jpeg"}],"twitter_card":"summary_large_image","twitter_misc":{"Tiempo de lectura":"1 minuto"},"schema":{"@context":"https:\/\/schema.org","@graph":[{"@type":"WebPage","@id":"https:\/\/basquehomes.com\/es\/quienes-somos\/","url":"https:\/\/basquehomes.com\/es\/quienes-somos\/","name":"Qui\u00e9nes somos - Basque Homes","isPartOf":{"@id":"https:\/\/basquehomes.com\/#website"},"datePublished":"2020-11-28T10:35:02+00:00","dateModified":"2025-07-29T07:13:52+00:00","breadcrumb":{"@id":"https:\/\/basquehomes.com\/es\/quienes-somos\/#breadcrumb"},"inLanguage":"es","potentialAction":[{"@type":"ReadAction","target":["https:\/\/basquehomes.com\/es\/quienes-somos\/"]}]},{"@type":"BreadcrumbList","@id":"https:\/\/basquehomes.com\/es\/quienes-somos\/#breadcrumb","itemListElement":[{"@type":"ListItem","position":1,"name":"Portada","item":"https:\/\/basquehomes.com\/es\/"},{"@type":"ListItem","position":2,"name":"Qui\u00e9nes somos"}]},{"@type":"WebSite","@id":"https:\/\/basquehomes.com\/#website","url":"https:\/\/basquehomes.com\/","name":"Basque Homes","description":"Wonderful host, wonderful experience","publisher":{"@id":"https:\/\/basquehomes.com\/#organization"},"potentialAction":[{"@type":"SearchAction","target":{"@type":"EntryPoint","urlTemplate":"https:\/\/basquehomes.com\/?s={search_term_string}"},"query-input":{"@type":"PropertyValueSpecification","valueRequired":true,"valueName":"search_term_string"}}],"inLanguage":"es"},{"@type":"Organization","@id":"https:\/\/basquehomes.com\/#organization","name":"Basque Homes","url":"https:\/\/basquehomes.com\/","logo":{"@type":"ImageObject","inLanguage":"es","@id":"https:\/\/basquehomes.com\/#\/schema\/logo\/image\/","url":"https:\/\/basquehomes.com\/wp-content\/uploads\/2019\/05\/Basque-Homes-Logo.png","contentUrl":"https:\/\/basquehomes.com\/wp-content\/uploads\/2019\/05\/Basque-Homes-Logo.png","width":625,"height":116,"caption":"Basque Homes"},"image":{"@id":"https:\/\/basquehomes.com\/#\/schema\/logo\/image\/"}}]}},"_links":{"self":[{"href":"https:\/\/basquehomes.com\/es\/wp-json\/wp\/v2\/pages\/5172","targetHints":{"allow":["GET"]}}],"collection":[{"href":"https:\/\/basquehomes.com\/es\/wp-json\/wp\/v2\/pages"}],"about":[{"href":"https:\/\/basquehomes.com\/es\/wp-json\/wp\/v2\/types\/page"}],"author":[{"embeddable":true,"href":"https:\/\/basquehomes.com\/es\/wp-json\/wp\/v2\/users\/1"}],"replies":[{"embeddable":true,"href":"https:\/\/basquehomes.com\/es\/wp-json\/wp\/v2\/comments?post=5172"}],"version-history":[{"count":4,"href":"https:\/\/basquehomes.com\/es\/wp-json\/wp\/v2\/pages\/5172\/revisions"}],"predecessor-version":[{"id":8598,"href":"https:\/\/basquehomes.com\/es\/wp-json\/wp\/v2\/pages\/5172\/revisions\/8598"}],"wp:attachment":[{"href":"https:\/\/basquehomes.com\/es\/wp-json\/wp\/v2\/media?parent=5172"}],"curies":[{"name":"wp","href":"https:\/\/api.w.org\/{rel}","templated":true}]}}