{"id":5176,"date":"2019-05-27T10:45:09","date_gmt":"2019-05-27T08:45:09","guid":{"rendered":"https:\/\/basquehomes.com\/experiences-and-adventures\/"},"modified":"2021-02-09T10:37:41","modified_gmt":"2021-02-09T09:37:41","slug":"experiencias-y-aventuras","status":"publish","type":"page","link":"https:\/\/basquehomes.com\/es\/experiencias-y-aventuras\/","title":{"rendered":"Experiencias y aventuras"},"content":{"rendered":"\n<h2 class=\"wp-block-heading\">San Sebasti\u00e1n es un destino \u00fanico en el mundo.<\/h2>\n\n\n\n<p>Una ciudad abierta y cosmopolita rodeada por el mar y la naturaleza. Ambos han sido la inspiraci\u00f3n para crear experiencias exclusivas que har\u00e1n que tu estancia con nosotros sea verdaderamente inolvidable.<\/p>\n\n\n\n<p>Tambi\u00e9n somos mundialmente conocidos por nuestra gastronom\u00eda, y ser\u00e1 esa, la m\u00e1s aut\u00e9ntica, la que te propondremos vivir y saborear.<\/p>\n\n\n\n<p>Navega y siente toda la belleza dela costa Cant\u00e1brica. Sum\u00e9rgete y bucea para contemplar los secretos de la bella fauna marina de Jaizkibel Amaharri.<\/p>\n\n\n\n<p>Camina por los montes que se divisan desde cualquier parte de la ciudad. Ser\u00e1n el punto de partida de nuestras rutas por la naturaleza. Una actividad que te sorprender\u00e1 y te har\u00e1 disfrutar con todos los sentidos de nuestro ecosistema.<\/p>\n\n\n\n<p>Cada tour privado puede ser personalizado y hecho a medida, ajustado a tus preferencias. Conoce los lugares que m\u00e1s te interesen, prueba la comida que te apetezca y disfruta.<\/p>\n","protected":false},"excerpt":{"rendered":"<p>San Sebasti\u00e1n es un destino \u00fanico en el mundo. Una ciudad abierta y cosmopolita rodeada por el mar y la naturaleza. Ambos han sido la inspiraci\u00f3n para crear experiencias exclusivas que har\u00e1n que tu estancia con nosotros sea verdaderamente inolvidable. Tambi\u00e9n somos mundialmente conocidos por nuestra gastronom\u00eda, y ser\u00e1 esa, la m\u00e1s aut\u00e9ntica, la que&#8230; <a class=\"moretag\" href=\"https:\/\/basquehomes.com\/es\/experiencias-y-aventuras\/\">Read more &raquo;<\/a><\/p>\n","protected":false},"author":2,"featured_media":0,"parent":0,"menu_order":0,"comment_status":"closed","ping_status":"closed","template":"page-default-triple.php","meta":{"_acf_changed":false,"footnotes":""},"class_list":["post-5176","page","type-page","status-publish","hentry"],"acf":[],"yoast_head":"<!-- This site is optimized with the Yoast SEO plugin v26.7 - https:\/\/yoast.com\/wordpress\/plugins\/seo\/ -->\n<title>Experiencias y aventuras - Basque Homes<\/title>\n<meta name=\"robots\" content=\"index, follow, max-snippet:-1, max-image-preview:large, max-video-preview:-1\" \/>\n<link rel=\"canonical\" href=\"https:\/\/basquehomes.com\/es\/experiencias-y-aventuras\/\" \/>\n<meta property=\"og:locale\" content=\"es_ES\" \/>\n<meta property=\"og:type\" content=\"article\" \/>\n<meta property=\"og:title\" content=\"Experiencias y aventuras - Basque Homes\" \/>\n<meta property=\"og:description\" content=\"San Sebasti\u00e1n es un destino \u00fanico en el mundo. Una ciudad abierta y cosmopolita rodeada por el mar y la naturaleza. Ambos han sido la inspiraci\u00f3n para crear experiencias exclusivas que har\u00e1n que tu estancia con nosotros sea verdaderamente inolvidable. Tambi\u00e9n somos mundialmente conocidos por nuestra gastronom\u00eda, y ser\u00e1 esa, la m\u00e1s aut\u00e9ntica, la que... Read more &raquo;\" \/>\n<meta property=\"og:url\" content=\"https:\/\/basquehomes.com\/es\/experiencias-y-aventuras\/\" \/>\n<meta property=\"og:site_name\" content=\"Basque Homes\" \/>\n<meta property=\"article:modified_time\" content=\"2021-02-09T09:37:41+00:00\" \/>\n<meta property=\"og:image\" content=\"https:\/\/basquehomes.com\/wp-content\/uploads\/2019\/05\/Basque-Homes-OG.jpg\" \/>\n\t<meta property=\"og:image:width\" content=\"1200\" \/>\n\t<meta property=\"og:image:height\" content=\"630\" \/>\n\t<meta property=\"og:image:type\" content=\"image\/jpeg\" \/>\n<meta name=\"twitter:card\" content=\"summary_large_image\" \/>\n<meta name=\"twitter:label1\" content=\"Tiempo de lectura\" \/>\n\t<meta name=\"twitter:data1\" content=\"1 minuto\" \/>\n<script type=\"application\/ld+json\" class=\"yoast-schema-graph\">{\"@context\":\"https:\/\/schema.org\",\"@graph\":[{\"@type\":\"WebPage\",\"@id\":\"https:\/\/basquehomes.com\/es\/experiencias-y-aventuras\/\",\"url\":\"https:\/\/basquehomes.com\/es\/experiencias-y-aventuras\/\",\"name\":\"Experiencias y aventuras - Basque Homes\",\"isPartOf\":{\"@id\":\"https:\/\/basquehomes.com\/#website\"},\"datePublished\":\"2019-05-27T08:45:09+00:00\",\"dateModified\":\"2021-02-09T09:37:41+00:00\",\"breadcrumb\":{\"@id\":\"https:\/\/basquehomes.com\/es\/experiencias-y-aventuras\/#breadcrumb\"},\"inLanguage\":\"es\",\"potentialAction\":[{\"@type\":\"ReadAction\",\"target\":[\"https:\/\/basquehomes.com\/es\/experiencias-y-aventuras\/\"]}]},{\"@type\":\"BreadcrumbList\",\"@id\":\"https:\/\/basquehomes.com\/es\/experiencias-y-aventuras\/#breadcrumb\",\"itemListElement\":[{\"@type\":\"ListItem\",\"position\":1,\"name\":\"Portada\",\"item\":\"https:\/\/basquehomes.com\/es\/\"},{\"@type\":\"ListItem\",\"position\":2,\"name\":\"Experiencias y aventuras\"}]},{\"@type\":\"WebSite\",\"@id\":\"https:\/\/basquehomes.com\/#website\",\"url\":\"https:\/\/basquehomes.com\/\",\"name\":\"Basque Homes\",\"description\":\"Wonderful host, wonderful experience\",\"publisher\":{\"@id\":\"https:\/\/basquehomes.com\/#organization\"},\"potentialAction\":[{\"@type\":\"SearchAction\",\"target\":{\"@type\":\"EntryPoint\",\"urlTemplate\":\"https:\/\/basquehomes.com\/?s={search_term_string}\"},\"query-input\":{\"@type\":\"PropertyValueSpecification\",\"valueRequired\":true,\"valueName\":\"search_term_string\"}}],\"inLanguage\":\"es\"},{\"@type\":\"Organization\",\"@id\":\"https:\/\/basquehomes.com\/#organization\",\"name\":\"Basque Homes\",\"url\":\"https:\/\/basquehomes.com\/\",\"logo\":{\"@type\":\"ImageObject\",\"inLanguage\":\"es\",\"@id\":\"https:\/\/basquehomes.com\/#\/schema\/logo\/image\/\",\"url\":\"https:\/\/basquehomes.com\/wp-content\/uploads\/2019\/05\/Basque-Homes-Logo.png\",\"contentUrl\":\"https:\/\/basquehomes.com\/wp-content\/uploads\/2019\/05\/Basque-Homes-Logo.png\",\"width\":625,\"height\":116,\"caption\":\"Basque Homes\"},\"image\":{\"@id\":\"https:\/\/basquehomes.com\/#\/schema\/logo\/image\/\"}}]}<\/script>\n<!-- \/ Yoast SEO plugin. -->","yoast_head_json":{"title":"Experiencias y aventuras - Basque Homes","robots":{"index":"index","follow":"follow","max-snippet":"max-snippet:-1","max-image-preview":"max-image-preview:large","max-video-preview":"max-video-preview:-1"},"canonical":"https:\/\/basquehomes.com\/es\/experiencias-y-aventuras\/","og_locale":"es_ES","og_type":"article","og_title":"Experiencias y aventuras - Basque Homes","og_description":"San Sebasti\u00e1n es un destino \u00fanico en el mundo. Una ciudad abierta y cosmopolita rodeada por el mar y la naturaleza. Ambos han sido la inspiraci\u00f3n para crear experiencias exclusivas que har\u00e1n que tu estancia con nosotros sea verdaderamente inolvidable. Tambi\u00e9n somos mundialmente conocidos por nuestra gastronom\u00eda, y ser\u00e1 esa, la m\u00e1s aut\u00e9ntica, la que... Read more &raquo;","og_url":"https:\/\/basquehomes.com\/es\/experiencias-y-aventuras\/","og_site_name":"Basque Homes","article_modified_time":"2021-02-09T09:37:41+00:00","og_image":[{"width":1200,"height":630,"url":"https:\/\/basquehomes.com\/wp-content\/uploads\/2019\/05\/Basque-Homes-OG.jpg","type":"image\/jpeg"}],"twitter_card":"summary_large_image","twitter_misc":{"Tiempo de lectura":"1 minuto"},"schema":{"@context":"https:\/\/schema.org","@graph":[{"@type":"WebPage","@id":"https:\/\/basquehomes.com\/es\/experiencias-y-aventuras\/","url":"https:\/\/basquehomes.com\/es\/experiencias-y-aventuras\/","name":"Experiencias y aventuras - Basque Homes","isPartOf":{"@id":"https:\/\/basquehomes.com\/#website"},"datePublished":"2019-05-27T08:45:09+00:00","dateModified":"2021-02-09T09:37:41+00:00","breadcrumb":{"@id":"https:\/\/basquehomes.com\/es\/experiencias-y-aventuras\/#breadcrumb"},"inLanguage":"es","potentialAction":[{"@type":"ReadAction","target":["https:\/\/basquehomes.com\/es\/experiencias-y-aventuras\/"]}]},{"@type":"BreadcrumbList","@id":"https:\/\/basquehomes.com\/es\/experiencias-y-aventuras\/#breadcrumb","itemListElement":[{"@type":"ListItem","position":1,"name":"Portada","item":"https:\/\/basquehomes.com\/es\/"},{"@type":"ListItem","position":2,"name":"Experiencias y aventuras"}]},{"@type":"WebSite","@id":"https:\/\/basquehomes.com\/#website","url":"https:\/\/basquehomes.com\/","name":"Basque Homes","description":"Wonderful host, wonderful experience","publisher":{"@id":"https:\/\/basquehomes.com\/#organization"},"potentialAction":[{"@type":"SearchAction","target":{"@type":"EntryPoint","urlTemplate":"https:\/\/basquehomes.com\/?s={search_term_string}"},"query-input":{"@type":"PropertyValueSpecification","valueRequired":true,"valueName":"search_term_string"}}],"inLanguage":"es"},{"@type":"Organization","@id":"https:\/\/basquehomes.com\/#organization","name":"Basque Homes","url":"https:\/\/basquehomes.com\/","logo":{"@type":"ImageObject","inLanguage":"es","@id":"https:\/\/basquehomes.com\/#\/schema\/logo\/image\/","url":"https:\/\/basquehomes.com\/wp-content\/uploads\/2019\/05\/Basque-Homes-Logo.png","contentUrl":"https:\/\/basquehomes.com\/wp-content\/uploads\/2019\/05\/Basque-Homes-Logo.png","width":625,"height":116,"caption":"Basque Homes"},"image":{"@id":"https:\/\/basquehomes.com\/#\/schema\/logo\/image\/"}}]}},"_links":{"self":[{"href":"https:\/\/basquehomes.com\/es\/wp-json\/wp\/v2\/pages\/5176","targetHints":{"allow":["GET"]}}],"collection":[{"href":"https:\/\/basquehomes.com\/es\/wp-json\/wp\/v2\/pages"}],"about":[{"href":"https:\/\/basquehomes.com\/es\/wp-json\/wp\/v2\/types\/page"}],"author":[{"embeddable":true,"href":"https:\/\/basquehomes.com\/es\/wp-json\/wp\/v2\/users\/2"}],"replies":[{"embeddable":true,"href":"https:\/\/basquehomes.com\/es\/wp-json\/wp\/v2\/comments?post=5176"}],"version-history":[{"count":1,"href":"https:\/\/basquehomes.com\/es\/wp-json\/wp\/v2\/pages\/5176\/revisions"}],"predecessor-version":[{"id":5178,"href":"https:\/\/basquehomes.com\/es\/wp-json\/wp\/v2\/pages\/5176\/revisions\/5178"}],"wp:attachment":[{"href":"https:\/\/basquehomes.com\/es\/wp-json\/wp\/v2\/media?parent=5176"}],"curies":[{"name":"wp","href":"https:\/\/api.w.org\/{rel}","templated":true}]}}